{"id":1975,"date":"2024-06-19T10:29:48","date_gmt":"2024-06-19T08:29:48","guid":{"rendered":"https:\/\/www.syngimed.com\/?page_id=1975"},"modified":"2024-06-20T21:14:41","modified_gmt":"2024-06-20T19:14:41","slug":"faq","status":"publish","type":"page","link":"https:\/\/www.syngimed.com\/en\/faq\/","title":{"rendered":"Faq"},"content":{"rendered":"<div data-elementor-type=\"wp-page\" data-elementor-id=\"1975\" class=\"elementor elementor-1975\" data-elementor-settings=\"{&quot;ha_cmc_init_switcher&quot;:&quot;no&quot;}\">\n\t\t\t\t<div class=\"elementor-element elementor-element-e3adac4 e-flex e-con-boxed e-con e-parent\" data-id=\"e3adac4\" data-element_type=\"container\" id=\"main\" data-settings=\"{&quot;_ha_eqh_enable&quot;:false}\">\n\t\t\t\t\t<div class=\"e-con-inner\">\n\t\t\t\t<div class=\"elementor-element elementor-element-90b2741 elementor-widget elementor-widget-heading\" data-id=\"90b2741\" data-element_type=\"widget\" data-widget_type=\"heading.default\">\n\t\t\t\t<div class=\"elementor-widget-container\">\n\t\t\t\t\t<h2 class=\"elementor-heading-title elementor-size-default\">Najcz\u0119\u015bciej zadawane pytania (FAQ)<\/h2>\t\t\t\t<\/div>\n\t\t\t\t<\/div>\n\t\t\t\t<div class=\"elementor-element elementor-element-b6ad0c3 elementor-widget elementor-widget-n-accordion\" data-id=\"b6ad0c3\" data-element_type=\"widget\" data-settings=\"{&quot;default_state&quot;:&quot;expanded&quot;,&quot;max_items_expended&quot;:&quot;one&quot;,&quot;n_accordion_animation_duration&quot;:{&quot;unit&quot;:&quot;ms&quot;,&quot;size&quot;:400,&quot;sizes&quot;:[]}}\" data-widget_type=\"nested-accordion.default\">\n\t\t\t\t<div class=\"elementor-widget-container\">\n\t\t\t\t\t\t\t<div class=\"e-n-accordion\" aria-label=\"Accordion. Open links with Enter or Space, close with Escape, and navigate with Arrow Keys\">\n\t\t\t\t\t\t<details id=\"e-n-accordion-item-1910\" class=\"e-n-accordion-item\" open>\n\t\t\t\t<summary class=\"e-n-accordion-item-title\" data-accordion-index=\"1\" tabindex=\"0\" aria-expanded=\"true\" aria-controls=\"e-n-accordion-item-1910\" >\n\t\t\t\t\t<span class='e-n-accordion-item-title-header'><div class=\"e-n-accordion-item-title-text\"> Ile trwa realizacja zlecenia? <\/div><\/span>\n\t\t\t\t\t\t\t<span class='e-n-accordion-item-title-icon'>\n\t\t\t<span class='e-opened' ><i aria-hidden=\"true\" class=\"icon icon-up-arrow1\"><\/i><\/span>\n\t\t\t<span class='e-closed'><i aria-hidden=\"true\" class=\"icon icon-down-arrow1\"><\/i><\/span>\n\t\t<\/span>\n\n\t\t\t\t\t\t<\/summary>\n\t\t\t\t<div role=\"region\" aria-labelledby=\"e-n-accordion-item-1910\" class=\"elementor-element elementor-element-46c35e2 e-con-full e-flex e-con e-child\" data-id=\"46c35e2\" data-element_type=\"container\" data-settings=\"{&quot;_ha_eqh_enable&quot;:false}\">\n\t\t\t\t<div class=\"elementor-element elementor-element-c121008 elementor-widget elementor-widget-heading\" data-id=\"c121008\" data-element_type=\"widget\" data-widget_type=\"heading.default\">\n\t\t\t\t<div class=\"elementor-widget-container\">\n\t\t\t\t\t<p class=\"elementor-heading-title elementor-size-default\">Czas potrzebny na realizacje Twojego zlecenia jest ustalany indywidualnie. Wp\u0142ywa na niego wiele czynnik\u00f3w, a najwa\u017cniejszym z nich jest sprawna komunikacja lekarz-in\u017cynier. Je\u017celi chcesz dowiedzie\u0107 si\u0119 ile b\u0119dzie trwa\u0142o twoje zlecenie, nie czekaj i <b>skontaktuj si\u0119 z nami<\/b><\/p>\t\t\t\t<\/div>\n\t\t\t\t<\/div>\n\t\t\t\t<\/div>\n\t\t\t\t\t<\/details>\n\t\t\t\t\t\t<details id=\"e-n-accordion-item-1911\" class=\"e-n-accordion-item\" >\n\t\t\t\t<summary class=\"e-n-accordion-item-title\" data-accordion-index=\"2\" tabindex=\"-1\" aria-expanded=\"false\" aria-controls=\"e-n-accordion-item-1911\" >\n\t\t\t\t\t<span class='e-n-accordion-item-title-header'><div class=\"e-n-accordion-item-title-text\"> Czy istnieje specjalny protok\u00f3\u0142 wykonywania bada\u0144 obrazowych? <\/div><\/span>\n\t\t\t\t\t\t\t<span class='e-n-accordion-item-title-icon'>\n\t\t\t<span class='e-opened' ><i aria-hidden=\"true\" class=\"icon icon-up-arrow1\"><\/i><\/span>\n\t\t\t<span class='e-closed'><i aria-hidden=\"true\" class=\"icon icon-down-arrow1\"><\/i><\/span>\n\t\t<\/span>\n\n\t\t\t\t\t\t<\/summary>\n\t\t\t\t<div role=\"region\" aria-labelledby=\"e-n-accordion-item-1911\" class=\"elementor-element elementor-element-4204cb6 e-con-full e-flex e-con e-child\" data-id=\"4204cb6\" data-element_type=\"container\" data-settings=\"{&quot;_ha_eqh_enable&quot;:false}\">\n\t\t\t\t<div class=\"elementor-element elementor-element-ccfcbe0 elementor-widget elementor-widget-heading\" data-id=\"ccfcbe0\" data-element_type=\"widget\" data-widget_type=\"heading.default\">\n\t\t\t\t<div class=\"elementor-widget-container\">\n\t\t\t\t\t<p class=\"elementor-heading-title elementor-size-default\">Tak. Badanie CT i CBCT powinno zosta\u0107 wykonane zgodnie z protoko\u0142em bada\u0144 CT\/CBCT, kt\u00f3rym mo\u017cesz si\u0119 zapozna\u0107 i pobra\u0107 tutaj. Pami\u0119taj, \u017ce maksymalna grubo\u015b\u0107 warstwy nie powinna przekracza\u0107 1 mm!<\/p>\t\t\t\t<\/div>\n\t\t\t\t<\/div>\n\t\t\t\t<\/div>\n\t\t\t\t\t<\/details>\n\t\t\t\t\t\t<details id=\"e-n-accordion-item-1912\" class=\"e-n-accordion-item\" >\n\t\t\t\t<summary class=\"e-n-accordion-item-title\" data-accordion-index=\"3\" tabindex=\"-1\" aria-expanded=\"false\" aria-controls=\"e-n-accordion-item-1912\" >\n\t\t\t\t\t<span class='e-n-accordion-item-title-header'><div class=\"e-n-accordion-item-title-text\"> Dlaczego tak wa\u017cne jest dostarczenie bada\u0144 obrazowych zgodnych z protoko\u0142em? <\/div><\/span>\n\t\t\t\t\t\t\t<span class='e-n-accordion-item-title-icon'>\n\t\t\t<span class='e-opened' ><i aria-hidden=\"true\" class=\"icon icon-up-arrow1\"><\/i><\/span>\n\t\t\t<span class='e-closed'><i aria-hidden=\"true\" class=\"icon icon-down-arrow1\"><\/i><\/span>\n\t\t<\/span>\n\n\t\t\t\t\t\t<\/summary>\n\t\t\t\t<div role=\"region\" aria-labelledby=\"e-n-accordion-item-1912\" class=\"elementor-element elementor-element-f98ef7f e-con-full e-flex e-con e-child\" data-id=\"f98ef7f\" data-element_type=\"container\" data-settings=\"{&quot;_ha_eqh_enable&quot;:false}\">\n\t\t\t\t<div class=\"elementor-element elementor-element-cfd5a05 elementor-widget elementor-widget-heading\" data-id=\"cfd5a05\" data-element_type=\"widget\" data-widget_type=\"heading.default\">\n\t\t\t\t<div class=\"elementor-widget-container\">\n\t\t\t\t\t<p class=\"elementor-heading-title elementor-size-default\">Jako\u015b\u0107 bada\u0144 obrazowych decyduje o dok\u0142adno\u015bci odwzorowania budowy anatomicznej pacjenta w procesie tworzenia wirtualnych modeli tr\u00f3jwymiarowych i tym samym wp\u0142ywa na dok\u0142adno\u015b\u0107 przymiar\u00f3w chirurgicznych wykonywanych na ich podstawie.<\/p>\t\t\t\t<\/div>\n\t\t\t\t<\/div>\n\t\t\t\t<\/div>\n\t\t\t\t\t<\/details>\n\t\t\t\t\t\t<details id=\"e-n-accordion-item-1913\" class=\"e-n-accordion-item\" >\n\t\t\t\t<summary class=\"e-n-accordion-item-title\" data-accordion-index=\"4\" tabindex=\"-1\" aria-expanded=\"false\" aria-controls=\"e-n-accordion-item-1913\" >\n\t\t\t\t\t<span class='e-n-accordion-item-title-header'><div class=\"e-n-accordion-item-title-text\"> Jak wygl\u0105da komunikacja lekarz-in\u017cynier? <\/div><\/span>\n\t\t\t\t\t\t\t<span class='e-n-accordion-item-title-icon'>\n\t\t\t<span class='e-opened' ><i aria-hidden=\"true\" class=\"icon icon-up-arrow1\"><\/i><\/span>\n\t\t\t<span class='e-closed'><i aria-hidden=\"true\" class=\"icon icon-down-arrow1\"><\/i><\/span>\n\t\t<\/span>\n\n\t\t\t\t\t\t<\/summary>\n\t\t\t\t<div role=\"region\" aria-labelledby=\"e-n-accordion-item-1913\" class=\"elementor-element elementor-element-28dc610 e-con-full e-flex e-con e-child\" data-id=\"28dc610\" data-element_type=\"container\" data-settings=\"{&quot;_ha_eqh_enable&quot;:false}\">\n\t\t\t\t<div class=\"elementor-element elementor-element-f90ffe9 elementor-widget elementor-widget-heading\" data-id=\"f90ffe9\" data-element_type=\"widget\" data-widget_type=\"heading.default\">\n\t\t\t\t<div class=\"elementor-widget-container\">\n\t\t\t\t\t<p class=\"elementor-heading-title elementor-size-default\">Do tej kwestii podchodzimy elastycznie, wi\u0119c to Ty decydujesz o formie kontaktu, kt\u00f3ra na dan\u0105 chwil\u0119 b\u0119dzie dla Ciebie najwygodniejsza (mailowa, telefoniczna, inne komunikatory, etc.). Chocia\u017c z do\u015bwiadczenia wiemy, \u017ce najlepiej sprawdza si\u0119 bezpo\u015bredni kontakt, zw\u0142aszcza przy bardziej skomplikowanych, \u201ez\u0142o\u017conych problemach\u201d, dlatego ch\u0119tnie um\u00f3wimy si\u0119 na indywidualne konsultacje. Odpowiednie zrozumienie tematu jest niezb\u0119dne do osi\u0105gni\u0119cia sukcesu, dlatego m\u00f3wisz czego potrzebujesz, a my proponujemy Ci rozwi\u0105zanie. Wsp\u00f3\u0142pracujemy z Tob\u0105 na ka\u017cdym etapie projektowania produktu, tak aby ca\u0142kowicie odpowiada\u0142 on Twoim potrzebom.<\/p>\t\t\t\t<\/div>\n\t\t\t\t<\/div>\n\t\t\t\t<\/div>\n\t\t\t\t\t<\/details>\n\t\t\t\t\t\t<details id=\"e-n-accordion-item-1914\" class=\"e-n-accordion-item\" >\n\t\t\t\t<summary class=\"e-n-accordion-item-title\" data-accordion-index=\"5\" tabindex=\"-1\" aria-expanded=\"false\" aria-controls=\"e-n-accordion-item-1914\" >\n\t\t\t\t\t<span class='e-n-accordion-item-title-header'><div class=\"e-n-accordion-item-title-text\"> Czy przymiary wymagaj\u0105 zastosowania konkretnych narz\u0119dzi? <\/div><\/span>\n\t\t\t\t\t\t\t<span class='e-n-accordion-item-title-icon'>\n\t\t\t<span class='e-opened' ><i aria-hidden=\"true\" class=\"icon icon-up-arrow1\"><\/i><\/span>\n\t\t\t<span class='e-closed'><i aria-hidden=\"true\" class=\"icon icon-down-arrow1\"><\/i><\/span>\n\t\t<\/span>\n\n\t\t\t\t\t\t<\/summary>\n\t\t\t\t<div role=\"region\" aria-labelledby=\"e-n-accordion-item-1914\" class=\"elementor-element elementor-element-f56c984 e-con-full e-flex e-con e-child\" data-id=\"f56c984\" data-element_type=\"container\" data-settings=\"{&quot;_ha_eqh_enable&quot;:false}\">\n\t\t\t\t<div class=\"elementor-element elementor-element-267982f elementor-widget elementor-widget-heading\" data-id=\"267982f\" data-element_type=\"widget\" data-widget_type=\"heading.default\">\n\t\t\t\t<div class=\"elementor-widget-container\">\n\t\t\t\t\t<p class=\"elementor-heading-title elementor-size-default\">To jakie narz\u0119dzia b\u0119d\u0105 wymagane do zastosowania przymiaru chirurgicznego 3D zale\u017cy od Twojego zg\u0142oszenia. Produkt jest dostosowywany tak, by wsp\u00f3\u0142pracowa\u0142 z narz\u0119dziami, kt\u00f3re planujesz wykorzysta\u0107 w czasie zabiegu.<\/p>\t\t\t\t<\/div>\n\t\t\t\t<\/div>\n\t\t\t\t<\/div>\n\t\t\t\t\t<\/details>\n\t\t\t\t\t\t<details id=\"e-n-accordion-item-1915\" class=\"e-n-accordion-item\" >\n\t\t\t\t<summary class=\"e-n-accordion-item-title\" data-accordion-index=\"6\" tabindex=\"-1\" aria-expanded=\"false\" aria-controls=\"e-n-accordion-item-1915\" >\n\t\t\t\t\t<span class='e-n-accordion-item-title-header'><div class=\"e-n-accordion-item-title-text\"> Jak mocowany jest przymiar chirurgiczny 3D? <\/div><\/span>\n\t\t\t\t\t\t\t<span class='e-n-accordion-item-title-icon'>\n\t\t\t<span class='e-opened' ><i aria-hidden=\"true\" class=\"icon icon-up-arrow1\"><\/i><\/span>\n\t\t\t<span class='e-closed'><i aria-hidden=\"true\" class=\"icon icon-down-arrow1\"><\/i><\/span>\n\t\t<\/span>\n\n\t\t\t\t\t\t<\/summary>\n\t\t\t\t<div role=\"region\" aria-labelledby=\"e-n-accordion-item-1915\" class=\"elementor-element elementor-element-397ad18 e-con-full e-flex e-con e-child\" data-id=\"397ad18\" data-element_type=\"container\" data-settings=\"{&quot;_ha_eqh_enable&quot;:false}\">\n\t\t\t\t<div class=\"elementor-element elementor-element-4d8fcb2 elementor-widget elementor-widget-heading\" data-id=\"4d8fcb2\" data-element_type=\"widget\" data-widget_type=\"heading.default\">\n\t\t\t\t<div class=\"elementor-widget-container\">\n\t\t\t\t\t<p class=\"elementor-heading-title elementor-size-default\">Mocowanie odbywa si\u0119 za pomoc\u0105 drut\u00f3w Kirchnera, kt\u00f3rych \u015brednica dobierana jest do potrzeb konkretnego przypadku. Dok\u0142adna instrukcja u\u017cycia przymiaru chirurgicznego 3D do\u0142\u0105czana jest wraz z produktem oraz mailowo.<\/p>\t\t\t\t<\/div>\n\t\t\t\t<\/div>\n\t\t\t\t<\/div>\n\t\t\t\t\t<\/details>\n\t\t\t\t\t\t<details id=\"e-n-accordion-item-1916\" class=\"e-n-accordion-item\" >\n\t\t\t\t<summary class=\"e-n-accordion-item-title\" data-accordion-index=\"7\" tabindex=\"-1\" aria-expanded=\"false\" aria-controls=\"e-n-accordion-item-1916\" >\n\t\t\t\t\t<span class='e-n-accordion-item-title-header'><div class=\"e-n-accordion-item-title-text\"> Sk\u0105d b\u0119d\u0119 wiedzie\u0107 kt\u00f3re po\u0142o\u017cenie przymiaru chirurgicznego 3D jest prawid\u0142owe? <\/div><\/span>\n\t\t\t\t\t\t\t<span class='e-n-accordion-item-title-icon'>\n\t\t\t<span class='e-opened' ><i aria-hidden=\"true\" class=\"icon icon-up-arrow1\"><\/i><\/span>\n\t\t\t<span class='e-closed'><i aria-hidden=\"true\" class=\"icon icon-down-arrow1\"><\/i><\/span>\n\t\t<\/span>\n\n\t\t\t\t\t\t<\/summary>\n\t\t\t\t<div role=\"region\" aria-labelledby=\"e-n-accordion-item-1916\" class=\"elementor-element elementor-element-1169f80 e-con-full e-flex e-con e-child\" data-id=\"1169f80\" data-element_type=\"container\" data-settings=\"{&quot;_ha_eqh_enable&quot;:false}\">\n\t\t\t\t<div class=\"elementor-element elementor-element-a130093 elementor-widget elementor-widget-heading\" data-id=\"a130093\" data-element_type=\"widget\" data-widget_type=\"heading.default\">\n\t\t\t\t<div class=\"elementor-widget-container\">\n\t\t\t\t\t<p class=\"elementor-heading-title elementor-size-default\">Przymiar chirurgiczny 3D jest zaprojektowany w oparciu o charakterystyczne cechy anatomiczne ko\u015bci pacjenta. Aby uzyska\u0107 jego najlepsze dopasowanie, konieczne jest odpowiednie oczyszczenie ko\u015bci z okalaj\u0105cych j\u0105 tkanek mi\u0119kkich. Obszar ingerencji jest ustalany wsp\u00f3lnie z Tob\u0105, tak aby\u015b na etapie planowania mia\u0142 mo\u017cliwo\u015b\u0107 zapoznania si\u0119 z przewidywan\u0105 pozycj\u0105 przymiaru i zyska\u0142 pewno\u015b\u0107, \u017ce takie po\u0142o\u017cenie b\u0119dzie mo\u017cliwe do realizacji. Do ka\u017cdego zestawu przymiar\u00f3w do\u0142\u0105czona jest instrukcja z rysunkami przedstawiaj\u0105cymi prawid\u0142ow\u0105 pozycj\u0119 przymiaru na ko\u015bci.<\/p>\t\t\t\t<\/div>\n\t\t\t\t<\/div>\n\t\t\t\t<\/div>\n\t\t\t\t\t<\/details>\n\t\t\t\t\t\t<details id=\"e-n-accordion-item-1917\" class=\"e-n-accordion-item\" >\n\t\t\t\t<summary class=\"e-n-accordion-item-title\" data-accordion-index=\"8\" tabindex=\"-1\" aria-expanded=\"false\" aria-controls=\"e-n-accordion-item-1917\" >\n\t\t\t\t\t<span class='e-n-accordion-item-title-header'><div class=\"e-n-accordion-item-title-text\"> Co si\u0119 dzieje w przypadku braku stabilno\u015bci przymiaru chirurgicznego 3D na ko\u015bci? <\/div><\/span>\n\t\t\t\t\t\t\t<span class='e-n-accordion-item-title-icon'>\n\t\t\t<span class='e-opened' ><i aria-hidden=\"true\" class=\"icon icon-up-arrow1\"><\/i><\/span>\n\t\t\t<span class='e-closed'><i aria-hidden=\"true\" class=\"icon icon-down-arrow1\"><\/i><\/span>\n\t\t<\/span>\n\n\t\t\t\t\t\t<\/summary>\n\t\t\t\t<div role=\"region\" aria-labelledby=\"e-n-accordion-item-1917\" class=\"elementor-element elementor-element-c6ff944 e-con-full e-flex e-con e-child\" data-id=\"c6ff944\" data-element_type=\"container\" data-settings=\"{&quot;_ha_eqh_enable&quot;:false}\">\n\t\t\t\t<div class=\"elementor-element elementor-element-186b597 elementor-widget elementor-widget-heading\" data-id=\"186b597\" data-element_type=\"widget\" data-widget_type=\"heading.default\">\n\t\t\t\t<div class=\"elementor-widget-container\">\n\t\t\t\t\t<p class=\"elementor-heading-title elementor-size-default\">Brak stabilno\u015bci na ko\u015bci oznacza, \u017ce przymiar chirurgiczny 3D nie znajduje si\u0119 we w\u0142a\u015bciwym po\u0142o\u017ceniu. Wp\u0142yw na to mog\u0105 mie\u0107 tkanki mi\u0119kkie okalaj\u0105ce obszar styku powierzchni przymiaru z powierzchni\u0105 ko\u015bci. W takim wypadku nale\u017cy dok\u0142adniej oczy\u015bci\u0107 ten obszar, gdy\u017c jego z\u0142e po\u0142o\u017cenie mo\u017ce mie\u0107 znacz\u0105cy wp\u0142yw na ko\u0144cowy efekt korekcji.<\/p>\t\t\t\t<\/div>\n\t\t\t\t<\/div>\n\t\t\t\t<\/div>\n\t\t\t\t\t<\/details>\n\t\t\t\t\t\t<details id=\"e-n-accordion-item-1918\" class=\"e-n-accordion-item\" >\n\t\t\t\t<summary class=\"e-n-accordion-item-title\" data-accordion-index=\"9\" tabindex=\"-1\" aria-expanded=\"false\" aria-controls=\"e-n-accordion-item-1918\" >\n\t\t\t\t\t<span class='e-n-accordion-item-title-header'><div class=\"e-n-accordion-item-title-text\"> Czy w trakcie ci\u0119cia z u\u017cyciem przymiaru chirurgicznego 3D istnieje mo\u017cliwo\u015b\u0107 przedostania si\u0119 cz\u0105stek materia\u0142u? <\/div><\/span>\n\t\t\t\t\t\t\t<span class='e-n-accordion-item-title-icon'>\n\t\t\t<span class='e-opened' ><i aria-hidden=\"true\" class=\"icon icon-up-arrow1\"><\/i><\/span>\n\t\t\t<span class='e-closed'><i aria-hidden=\"true\" class=\"icon icon-down-arrow1\"><\/i><\/span>\n\t\t<\/span>\n\n\t\t\t\t\t\t<\/summary>\n\t\t\t\t<div role=\"region\" aria-labelledby=\"e-n-accordion-item-1918\" class=\"elementor-element elementor-element-2682bc8 e-con-full e-flex e-con e-child\" data-id=\"2682bc8\" data-element_type=\"container\" data-settings=\"{&quot;_ha_eqh_enable&quot;:false}\">\n\t\t\t\t<div class=\"elementor-element elementor-element-345ce12 elementor-widget elementor-widget-heading\" data-id=\"345ce12\" data-element_type=\"widget\" data-widget_type=\"heading.default\">\n\t\t\t\t<div class=\"elementor-widget-container\">\n\t\t\t\t\t<p class=\"elementor-heading-title elementor-size-default\">Przymiary chirurgiczne 3D s\u0105 projektowane w taki spos\u00f3b, aby zapobiec przekroczeniu planowanego zakresu ruchu pi\u0142y w trakcie ci\u0119cia. Jednak mo\u017ce nast\u0105pi\u0107 sytuacja w kt\u00f3rej, pomimo zastosowanych zabezpiecze\u0144, cz\u0105steczki materia\u0142u powsta\u0142e w wyniku naruszenia struktury przymiaru przedostan\u0105 si\u0119 do organizmu pacjenta. Przymiary chirurgiczne 3D wytwarzane s\u0105 z biokompatybilnego materia\u0142u PA2200, kt\u00f3ry wykorzystywany jest w celach medycznych w tym implantologicznych od 2005 roku. W celu zmniejszenia ryzyka pozostawienia cz\u0105stek materia\u0142u w organizmie pacjenta, po zastosowaniu przymiaru warto oczy\u015bci\u0107 zakres pola operacyjnego roztworem soli fizjologicznej.\n<\/p>\t\t\t\t<\/div>\n\t\t\t\t<\/div>\n\t\t\t\t<\/div>\n\t\t\t\t\t<\/details>\n\t\t\t\t\t<\/div>\n\t\t\t\t\t\t<\/div>\n\t\t\t\t<\/div>\n\t\t\t\t\t<\/div>\n\t\t\t\t<\/div>\n\t\t\t\t<\/div>","protected":false},"excerpt":{"rendered":"<p>Najcz\u0119\u015bciej zadawane pytania (FAQ) Ile trwa realizacja zlecenia? Czas potrzebny na realizacje Twojego zlecenia jest ustalany indywidualnie. Wp\u0142ywa na niego wiele czynnik\u00f3w, a najwa\u017cniejszym z nich jest sprawna komunikacja lekarz-in\u017cynier. Je\u017celi chcesz dowiedzie\u0107 si\u0119 ile b\u0119dzie trwa\u0142o twoje zlecenie, nie czekaj i skontaktuj si\u0119 z nami Czy istnieje specjalny protok\u00f3\u0142 wykonywania bada\u0144 obrazowych? Tak. Badanie [&hellip;]<\/p>","protected":false},"author":1,"featured_media":0,"parent":0,"menu_order":0,"comment_status":"closed","ping_status":"closed","template":"","meta":{"inline_featured_image":false,"footnotes":""},"class_list":["post-1975","page","type-page","status-publish","hentry"],"_links":{"self":[{"href":"https:\/\/www.syngimed.com\/en\/wp-json\/wp\/v2\/pages\/1975","targetHints":{"allow":["GET"]}}],"collection":[{"href":"https:\/\/www.syngimed.com\/en\/wp-json\/wp\/v2\/pages"}],"about":[{"href":"https:\/\/www.syngimed.com\/en\/wp-json\/wp\/v2\/types\/page"}],"author":[{"embeddable":true,"href":"https:\/\/www.syngimed.com\/en\/wp-json\/wp\/v2\/users\/1"}],"replies":[{"embeddable":true,"href":"https:\/\/www.syngimed.com\/en\/wp-json\/wp\/v2\/comments?post=1975"}],"version-history":[{"count":97,"href":"https:\/\/www.syngimed.com\/en\/wp-json\/wp\/v2\/pages\/1975\/revisions"}],"predecessor-version":[{"id":2541,"href":"https:\/\/www.syngimed.com\/en\/wp-json\/wp\/v2\/pages\/1975\/revisions\/2541"}],"wp:attachment":[{"href":"https:\/\/www.syngimed.com\/en\/wp-json\/wp\/v2\/media?parent=1975"}],"curies":[{"name":"wp","href":"https:\/\/api.w.org\/{rel}","templated":true}]}}